{"id":22861,"date":"2024-12-03T11:00:46","date_gmt":"2024-12-03T10:00:46","guid":{"rendered":"https:\/\/fleurus.be\/color4seniors\/"},"modified":"2025-12-16T08:56:43","modified_gmt":"2025-12-16T07:56:43","slug":"color4seniors","status":"publish","type":"page","link":"https:\/\/fleurus.be\/en\/color4seniors\/","title":{"rendered":"COLOR4SENIORS"},"content":{"rendered":"\n<p>Launched in 2020 by the Social Cohesion Plan of the City of Fleurus, in response to the COVID-19 health crisis, the Color4Seniors project aims to bring comfort and joy to elderly people, particularly during difficult and isolating periods. This original initiative is based on an intergenerational exchange: children send colorful drawings and artistic creations to seniors, bringing a touch of color and warmth in their daily lives. <\/p>\n\n<p>During the pandemic, when the isolation of seniors was particularly marked, Color4Seniors helped to break loneliness and comfort residents in retirement homes. The drawings sent by the children brought not only joy, but also a precious link between generations. These creations have thus allowed seniors to feel less isolated and to receive benevolent attention.  <\/p>\n\n<p>Since then, twice a year, on the occasion of Easter and end-of-year celebrations, the Color4Seniors project comes back to life. The drawings sent for the end-of-year celebrations will have a very special place, bringing to the elderly a true &#8220;balm to the heart&#8221; in this period where the spirit of sharing and solidarity is more than ever necessary. <\/p>\n\n<p>En combinant l&#8217;art, l&#8217;\u00e9change et la convivialit\u00e9, Color4Seniors continue ainsi de renforcer les liens entre les g\u00e9n\u00e9rations et de soutenir le bien-\u00eatre des personnes \u00e2g\u00e9es dans un cadre chaleureux et stimulant.<\/p>\n\n<div id=\"actualit\u00e9s\" class=\"wp-block-group is-layout-constrained wp-container-core-group-is-layout-48dbd97c wp-block-group-is-layout-constrained\" style=\"padding-right:0px;padding-left:0px\">\n<div style=\"height:50px\" aria-hidden=\"true\" class=\"wp-block-spacer\"><\/div>\n\n\n\n<div class=\"wp-block-columns is-layout-flex wp-container-core-columns-is-layout-28f84493 wp-block-columns-is-layout-flex\">\n<div class=\"wp-block-column is-vertically-aligned-center is-layout-flow wp-block-column-is-layout-flow\">\n<h2 class=\"wp-block-heading\" style=\"text-transform:uppercase\"><strong>Our recent projects<\/strong><\/h2>\n<\/div>\n\n\n\n<div class=\"wp-block-column is-layout-flow wp-block-column-is-layout-flow\">\n<div class=\"wp-block-buttons is-content-justification-right is-layout-flex wp-container-core-buttons-is-layout-d445cf74 wp-block-buttons-is-layout-flex\">\n<div class=\"wp-block-button-wrapper\"><div class=\"wp-block-button moreEvents-btn\"><a class=\"wp-block-button__link wp-element-button\" href=\"&lt;!--[CDATA[\/actualites\/category\/pcs\/]]--&gt;\" style=\"padding-right:var(--wp--preset--spacing--30);padding-left:var(--wp--preset--spacing--30)\">See more projects<\/a><\/div><\/div>\n<\/div>\n<\/div>\n<\/div>\n\n\n\n<div class=\"wp-block-query is-layout-flow wp-block-query-is-layout-flow\">\n\n<div class=\"wp-block-query-no-results\">\n\n<div class=\"wp-block-group has-border-color has-lightgray-background-color has-background is-layout-constrained wp-container-core-group-is-layout-80fb368b wp-block-group-is-layout-constrained\" style=\"border-color:#e6e6e6;border-style:solid;border-width:0.1rem;border-radius:1rem;padding-top:var(--wp--preset--spacing--30);padding-right:var(--wp--preset--spacing--30);padding-bottom:var(--wp--preset--spacing--30);padding-left:var(--wp--preset--spacing--30)\">\n<p class=\"has-medium-font-size\">There is no news at the moment. Stay tuned and check this page later to discover our next updates. <\/p>\n<\/div>\n\n<\/div><\/div>\n<\/div>\n\n<div style=\"height:30px\" aria-hidden=\"true\" class=\"wp-block-spacer\"><\/div>\n\n<div class=\"wp-block-group is-layout-constrained wp-block-group-is-layout-constrained\" style=\"margin-top:10rem\">\n<h3 class=\"wp-block-heading has-large-font-size\" style=\"font-style:normal;font-weight:500\">Any question ? Contact-us!<\/h3>\n\n\n\n<div class=\"wp-block-columns is-layout-flex wp-container-core-columns-is-layout-28f84493 wp-block-columns-is-layout-flex\">\n<div class=\"wp-block-column is-layout-flow wp-block-column-is-layout-flow\" style=\"flex-basis:70%\">\n<div class=\"wp-block-query single-service is-layout-flow wp-block-query-is-layout-flow\"><ul class=\"wp-block-post-template is-layout-flow wp-block-post-template-is-layout-flow\"><li class=\"wp-block-post post-3014 service type-service status-publish has-post-thumbnail hentry service_departement-affaires-sociales\">\n\n<div class=\"wp-block-group is-content-justification-left is-layout-constrained wp-container-core-group-is-layout-12dd3699 wp-block-group-is-layout-constrained\"><h2 class=\"wp-block-post-title\">Plan de Coh\u00e9sion Sociale<\/h2>\n\n<span data-fieldname='service_departement'>Affaires sociales<\/span>\n\n\n<div style=\"height:16px\" aria-hidden=\"true\" class=\"wp-block-spacer\"><\/div>\n\n\n<span data-fieldname='service_phone'><a href='tel:071\/820.269'>071\/820.269<\/a><\/span>\n\n<span data-fieldname='service_email'><a href='mailto:pcs@fleurus.be'>pcs@fleurus.be<\/a><\/span>\n\n\n<div style=\"height:16px\" aria-hidden=\"true\" class=\"wp-block-spacer\"><\/div>\n\n\n<span data-fieldname='service_address'>Rue du Solstice 1, 6220 Fleurus<\/span><\/div>\n\n\n<figure class=\"wp-block-post-featured-image\"><img loading=\"lazy\" decoding=\"async\" width=\"2500\" height=\"1672\" src=\"https:\/\/fleurus.be\/wp-content\/uploads\/2023\/10\/plandecohesionsociale_solidarite_egalitedeschances_Fleurus.png\" class=\"attachment-post-thumbnail size-post-thumbnail wp-post-image\" alt=\"\" style=\"object-fit:cover;\" srcset=\"https:\/\/fleurus.be\/wp-content\/uploads\/2023\/10\/plandecohesionsociale_solidarite_egalitedeschances_Fleurus.png 2500w, https:\/\/fleurus.be\/wp-content\/uploads\/2023\/10\/plandecohesionsociale_solidarite_egalitedeschances_Fleurus-300x201.png 300w, https:\/\/fleurus.be\/wp-content\/uploads\/2023\/10\/plandecohesionsociale_solidarite_egalitedeschances_Fleurus-1024x685.png 1024w, https:\/\/fleurus.be\/wp-content\/uploads\/2023\/10\/plandecohesionsociale_solidarite_egalitedeschances_Fleurus-768x514.png 768w, https:\/\/fleurus.be\/wp-content\/uploads\/2023\/10\/plandecohesionsociale_solidarite_egalitedeschances_Fleurus-1536x1027.png 1536w, https:\/\/fleurus.be\/wp-content\/uploads\/2023\/10\/plandecohesionsociale_solidarite_egalitedeschances_Fleurus-2048x1370.png 2048w\" sizes=\"auto, (max-width: 2500px) 100vw, 2500px\" \/><\/figure>\n<\/li><\/ul>\n\n<\/div>\n\n\n\n<div id=\"actualit\u00e9s\" class=\"wp-block-group is-layout-constrained wp-container-core-group-is-layout-48dbd97c wp-block-group-is-layout-constrained\" style=\"padding-right:0px;padding-left:0px\">\n<div style=\"height:50px\" aria-hidden=\"true\" class=\"wp-block-spacer\"><\/div>\n\n\n\n<div class=\"wp-block-columns is-layout-flex wp-container-core-columns-is-layout-28f84493 wp-block-columns-is-layout-flex\">\n<div class=\"wp-block-column is-vertically-aligned-center is-layout-flow wp-block-column-is-layout-flow\">\n<h2 class=\"wp-block-heading\" style=\"text-transform:uppercase\"><strong>Our recent projects<\/strong><\/h2>\n<\/div>\n\n\n\n<div class=\"wp-block-column is-layout-flow wp-block-column-is-layout-flow\">\n<div class=\"wp-block-buttons is-content-justification-right is-layout-flex wp-container-core-buttons-is-layout-d445cf74 wp-block-buttons-is-layout-flex\">\n<div class=\"wp-block-button-wrapper\"><div class=\"wp-block-button moreEvents-btn\"><a class=\"wp-block-button__link wp-element-button\" href=\"&lt;!--[CDATA[\/actualites\/category\/pcs\/]]--&gt;\" style=\"padding-right:var(--wp--preset--spacing--30);padding-left:var(--wp--preset--spacing--30)\">See more projects<\/a><\/div><\/div>\n<\/div>\n<\/div>\n<\/div>\n\n\n\n<div class=\"wp-block-query is-layout-flow wp-block-query-is-layout-flow\">\n\n<div class=\"wp-block-query-no-results\">\n\n<div class=\"wp-block-group has-border-color has-lightgray-background-color has-background is-layout-constrained wp-container-core-group-is-layout-80fb368b wp-block-group-is-layout-constrained\" style=\"border-color:#e6e6e6;border-style:solid;border-width:0.1rem;border-radius:1rem;padding-top:var(--wp--preset--spacing--30);padding-right:var(--wp--preset--spacing--30);padding-bottom:var(--wp--preset--spacing--30);padding-left:var(--wp--preset--spacing--30)\">\n<p class=\"has-medium-font-size\">There is no news at the moment. Stay tuned and check this page later to discover our next updates. <\/p>\n<\/div>\n\n<\/div><\/div>\n<\/div>\n<\/div>\n<\/div>\n<\/div>\n","protected":false},"excerpt":{"rendered":"<p>Launched in 2020 by the Social Cohesion Plan of the City of Fleurus, in response to [&hellip;]<\/p>\n","protected":false},"author":1,"featured_media":16296,"parent":0,"menu_order":0,"comment_status":"closed","ping_status":"closed","template":"","meta":{"fd_form_receip":"","footnotes":""},"tags":[],"class_list":["post-22861","page","type-page","status-publish","has-post-thumbnail","hentry"],"yoast_head":"<!-- This site is optimized with the Yoast SEO plugin v27.4 - https:\/\/yoast.com\/product\/yoast-seo-wordpress\/ -->\n<title>COLOR4SENIORS - Fleurus<\/title>\n<meta name=\"robots\" content=\"index, follow, max-snippet:-1, max-image-preview:large, max-video-preview:-1\" \/>\n<link rel=\"canonical\" href=\"https:\/\/fleurus.be\/en\/color4seniors\/\" \/>\n<meta property=\"og:locale\" content=\"en_US\" \/>\n<meta property=\"og:type\" content=\"article\" \/>\n<meta property=\"og:title\" content=\"COLOR4SENIORS - Fleurus\" \/>\n<meta property=\"og:description\" content=\"Launched in 2020 by the Social Cohesion Plan of the City of Fleurus, in response to [&hellip;]\" \/>\n<meta property=\"og:url\" content=\"https:\/\/fleurus.be\/en\/color4seniors\/\" \/>\n<meta property=\"og:site_name\" content=\"Fleurus\" \/>\n<meta property=\"article:modified_time\" content=\"2025-12-16T07:56:43+00:00\" \/>\n<meta name=\"twitter:card\" content=\"summary_large_image\" \/>\n<meta name=\"twitter:label1\" content=\"Est. reading time\" \/>\n\t<meta name=\"twitter:data1\" content=\"1 minute\" \/>\n<script type=\"application\/ld+json\" class=\"yoast-schema-graph\">{\"@context\":\"https:\\\/\\\/schema.org\",\"@graph\":[{\"@type\":\"WebPage\",\"@id\":\"https:\\\/\\\/fleurus.be\\\/en\\\/color4seniors\\\/\",\"url\":\"https:\\\/\\\/fleurus.be\\\/en\\\/color4seniors\\\/\",\"name\":\"COLOR4SENIORS - Fleurus\",\"isPartOf\":{\"@id\":\"https:\\\/\\\/fleurus.be\\\/en\\\/#website\"},\"primaryImageOfPage\":{\"@id\":\"https:\\\/\\\/fleurus.be\\\/en\\\/color4seniors\\\/#primaryimage\"},\"image\":{\"@id\":\"https:\\\/\\\/fleurus.be\\\/en\\\/color4seniors\\\/#primaryimage\"},\"thumbnailUrl\":\"https:\\\/\\\/fleurus.be\\\/wp-content\\\/uploads\\\/2024\\\/12\\\/color4seniors-banner-site-pdf.jpg\",\"datePublished\":\"2024-12-03T10:00:46+00:00\",\"dateModified\":\"2025-12-16T07:56:43+00:00\",\"breadcrumb\":{\"@id\":\"https:\\\/\\\/fleurus.be\\\/en\\\/color4seniors\\\/#breadcrumb\"},\"inLanguage\":\"en-US\",\"potentialAction\":[{\"@type\":\"ReadAction\",\"target\":[\"https:\\\/\\\/fleurus.be\\\/en\\\/color4seniors\\\/\"]}]},{\"@type\":\"ImageObject\",\"inLanguage\":\"en-US\",\"@id\":\"https:\\\/\\\/fleurus.be\\\/en\\\/color4seniors\\\/#primaryimage\",\"url\":\"https:\\\/\\\/fleurus.be\\\/wp-content\\\/uploads\\\/2024\\\/12\\\/color4seniors-banner-site-pdf.jpg\",\"contentUrl\":\"https:\\\/\\\/fleurus.be\\\/wp-content\\\/uploads\\\/2024\\\/12\\\/color4seniors-banner-site-pdf.jpg\"},{\"@type\":\"BreadcrumbList\",\"@id\":\"https:\\\/\\\/fleurus.be\\\/en\\\/color4seniors\\\/#breadcrumb\",\"itemListElement\":[{\"@type\":\"ListItem\",\"position\":1,\"name\":\"Accueil\",\"item\":\"https:\\\/\\\/fleurus.be\\\/en\\\/\"},{\"@type\":\"ListItem\",\"position\":2,\"name\":\"COLOR4SENIORS\"}]},{\"@type\":\"WebSite\",\"@id\":\"https:\\\/\\\/fleurus.be\\\/en\\\/#website\",\"url\":\"https:\\\/\\\/fleurus.be\\\/en\\\/\",\"name\":\"Fleurus\",\"description\":\"Grandir esemble\",\"publisher\":{\"@id\":\"https:\\\/\\\/fleurus.be\\\/en\\\/#organization\"},\"potentialAction\":[{\"@type\":\"SearchAction\",\"target\":{\"@type\":\"EntryPoint\",\"urlTemplate\":\"https:\\\/\\\/fleurus.be\\\/en\\\/?s={search_term_string}\"},\"query-input\":{\"@type\":\"PropertyValueSpecification\",\"valueRequired\":true,\"valueName\":\"search_term_string\"}}],\"inLanguage\":\"en-US\"},{\"@type\":\"Organization\",\"@id\":\"https:\\\/\\\/fleurus.be\\\/en\\\/#organization\",\"name\":\"Ville de Fleurus\",\"url\":\"https:\\\/\\\/fleurus.be\\\/en\\\/\",\"logo\":{\"@type\":\"ImageObject\",\"inLanguage\":\"en-US\",\"@id\":\"https:\\\/\\\/fleurus.be\\\/en\\\/#\\\/schema\\\/logo\\\/image\\\/\",\"url\":\"https:\\\/\\\/fleurus.be\\\/wp-content\\\/uploads\\\/2023\\\/06\\\/fleurus-black.png\",\"contentUrl\":\"https:\\\/\\\/fleurus.be\\\/wp-content\\\/uploads\\\/2023\\\/06\\\/fleurus-black.png\",\"width\":890,\"height\":554,\"caption\":\"Ville de Fleurus\"},\"image\":{\"@id\":\"https:\\\/\\\/fleurus.be\\\/en\\\/#\\\/schema\\\/logo\\\/image\\\/\"}}]}<\/script>\n<!-- \/ Yoast SEO plugin. -->","yoast_head_json":{"title":"COLOR4SENIORS - Fleurus","robots":{"index":"index","follow":"follow","max-snippet":"max-snippet:-1","max-image-preview":"max-image-preview:large","max-video-preview":"max-video-preview:-1"},"canonical":"https:\/\/fleurus.be\/en\/color4seniors\/","og_locale":"en_US","og_type":"article","og_title":"COLOR4SENIORS - Fleurus","og_description":"Launched in 2020 by the Social Cohesion Plan of the City of Fleurus, in response to [&hellip;]","og_url":"https:\/\/fleurus.be\/en\/color4seniors\/","og_site_name":"Fleurus","article_modified_time":"2025-12-16T07:56:43+00:00","twitter_card":"summary_large_image","twitter_misc":{"Est. reading time":"1 minute"},"schema":{"@context":"https:\/\/schema.org","@graph":[{"@type":"WebPage","@id":"https:\/\/fleurus.be\/en\/color4seniors\/","url":"https:\/\/fleurus.be\/en\/color4seniors\/","name":"COLOR4SENIORS - Fleurus","isPartOf":{"@id":"https:\/\/fleurus.be\/en\/#website"},"primaryImageOfPage":{"@id":"https:\/\/fleurus.be\/en\/color4seniors\/#primaryimage"},"image":{"@id":"https:\/\/fleurus.be\/en\/color4seniors\/#primaryimage"},"thumbnailUrl":"https:\/\/fleurus.be\/wp-content\/uploads\/2024\/12\/color4seniors-banner-site-pdf.jpg","datePublished":"2024-12-03T10:00:46+00:00","dateModified":"2025-12-16T07:56:43+00:00","breadcrumb":{"@id":"https:\/\/fleurus.be\/en\/color4seniors\/#breadcrumb"},"inLanguage":"en-US","potentialAction":[{"@type":"ReadAction","target":["https:\/\/fleurus.be\/en\/color4seniors\/"]}]},{"@type":"ImageObject","inLanguage":"en-US","@id":"https:\/\/fleurus.be\/en\/color4seniors\/#primaryimage","url":"https:\/\/fleurus.be\/wp-content\/uploads\/2024\/12\/color4seniors-banner-site-pdf.jpg","contentUrl":"https:\/\/fleurus.be\/wp-content\/uploads\/2024\/12\/color4seniors-banner-site-pdf.jpg"},{"@type":"BreadcrumbList","@id":"https:\/\/fleurus.be\/en\/color4seniors\/#breadcrumb","itemListElement":[{"@type":"ListItem","position":1,"name":"Accueil","item":"https:\/\/fleurus.be\/en\/"},{"@type":"ListItem","position":2,"name":"COLOR4SENIORS"}]},{"@type":"WebSite","@id":"https:\/\/fleurus.be\/en\/#website","url":"https:\/\/fleurus.be\/en\/","name":"Fleurus","description":"Grandir esemble","publisher":{"@id":"https:\/\/fleurus.be\/en\/#organization"},"potentialAction":[{"@type":"SearchAction","target":{"@type":"EntryPoint","urlTemplate":"https:\/\/fleurus.be\/en\/?s={search_term_string}"},"query-input":{"@type":"PropertyValueSpecification","valueRequired":true,"valueName":"search_term_string"}}],"inLanguage":"en-US"},{"@type":"Organization","@id":"https:\/\/fleurus.be\/en\/#organization","name":"Ville de Fleurus","url":"https:\/\/fleurus.be\/en\/","logo":{"@type":"ImageObject","inLanguage":"en-US","@id":"https:\/\/fleurus.be\/en\/#\/schema\/logo\/image\/","url":"https:\/\/fleurus.be\/wp-content\/uploads\/2023\/06\/fleurus-black.png","contentUrl":"https:\/\/fleurus.be\/wp-content\/uploads\/2023\/06\/fleurus-black.png","width":890,"height":554,"caption":"Ville de Fleurus"},"image":{"@id":"https:\/\/fleurus.be\/en\/#\/schema\/logo\/image\/"}}]}},"_links":{"self":[{"href":"https:\/\/fleurus.be\/en\/wp-json\/wp\/v2\/pages\/22861","targetHints":{"allow":["GET"]}}],"collection":[{"href":"https:\/\/fleurus.be\/en\/wp-json\/wp\/v2\/pages"}],"about":[{"href":"https:\/\/fleurus.be\/en\/wp-json\/wp\/v2\/types\/page"}],"author":[{"embeddable":true,"href":"https:\/\/fleurus.be\/en\/wp-json\/wp\/v2\/users\/1"}],"replies":[{"embeddable":true,"href":"https:\/\/fleurus.be\/en\/wp-json\/wp\/v2\/comments?post=22861"}],"version-history":[{"count":1,"href":"https:\/\/fleurus.be\/en\/wp-json\/wp\/v2\/pages\/22861\/revisions"}],"predecessor-version":[{"id":22862,"href":"https:\/\/fleurus.be\/en\/wp-json\/wp\/v2\/pages\/22861\/revisions\/22862"}],"wp:featuredmedia":[{"embeddable":true,"href":"https:\/\/fleurus.be\/en\/wp-json\/wp\/v2\/media\/16296"}],"wp:attachment":[{"href":"https:\/\/fleurus.be\/en\/wp-json\/wp\/v2\/media?parent=22861"}],"wp:term":[{"taxonomy":"post_tag","embeddable":true,"href":"https:\/\/fleurus.be\/en\/wp-json\/wp\/v2\/tags?post=22861"}],"curies":[{"name":"wp","href":"https:\/\/api.w.org\/{rel}","templated":true}]}}