{"id":5228,"date":"2023-10-17T15:58:45","date_gmt":"2023-10-17T13:58:45","guid":{"rendered":"https:\/\/fleurus.be\/social-map\/"},"modified":"2024-01-17T09:34:33","modified_gmt":"2024-01-17T08:34:33","slug":"social-map","status":"publish","type":"page","link":"https:\/\/fleurus.be\/nl\/social-map\/","title":{"rendered":"Social Map"},"content":{"rendered":"\n<p>Afin de coordonner les effets de ch\u0153ur des partenaires sociaux et de vous orienter en mati\u00e8re de questions \u00e0 caract\u00e8re social, le PCS a d\u00e9velopp\u00e9 un nouveau support sous forme de carte interactive qui vous permettra de mieux vous y retrouver dans l&#8217;offre disponible sur l&#8217;entit\u00e9. <\/p>\n\n\n\n<div id=\"fleurus-mag-wrapper\" class=\"wp-block-group is-layout-constrained wp-block-group-is-layout-constrained\">\n<div class=\"wp-block-query is-layout-flow wp-block-query-is-layout-flow\"><ul class=\"columns-4 wp-block-post-template is-layout-grid wp-container-core-post-template-is-layout-e7fd85f5 wp-block-post-template-is-layout-grid\"><li class=\"wp-block-post post-9277 mag type-mag status-publish has-post-thumbnail hentry magazine_category-brochures\">\n<figure class=\"alignwide wp-block-post-featured-image\"><a href=\"https:\/\/fleurus.be\/nl\/nos-magazines\/social-map\/\" target=\"_self\"  ><img loading=\"lazy\" decoding=\"async\" width=\"1772\" height=\"1772\" src=\"https:\/\/fleurus.be\/wp-content\/uploads\/2023\/10\/SOCIAL-MAP.png\" class=\"attachment-post-thumbnail size-post-thumbnail wp-post-image\" alt=\"Social Map\" style=\"object-fit:cover;\" srcset=\"https:\/\/fleurus.be\/wp-content\/uploads\/2023\/10\/SOCIAL-MAP.png 1772w, https:\/\/fleurus.be\/wp-content\/uploads\/2023\/10\/SOCIAL-MAP-300x300.png 300w, https:\/\/fleurus.be\/wp-content\/uploads\/2023\/10\/SOCIAL-MAP-1024x1024.png 1024w, https:\/\/fleurus.be\/wp-content\/uploads\/2023\/10\/SOCIAL-MAP-150x150.png 150w, https:\/\/fleurus.be\/wp-content\/uploads\/2023\/10\/SOCIAL-MAP-768x768.png 768w, https:\/\/fleurus.be\/wp-content\/uploads\/2023\/10\/SOCIAL-MAP-1536x1536.png 1536w\" sizes=\"auto, (max-width: 1772px) 100vw, 1772px\" \/><\/a><\/figure>\n\n\n<div class=\"wp-block-group hover-box is-layout-constrained wp-container-core-group-is-layout-83d2d559 wp-block-group-is-layout-constrained\" style=\"padding-top:15px;padding-right:15px;padding-bottom:15px;padding-left:15px\"><h4 class=\"wp-block-post-title\">Social Map<\/h4>\n\n\n<div class=\"wp-block-buttons mag-buttons is-nowrap is-layout-flex wp-container-core-buttons-is-layout-6c531013 wp-block-buttons-is-layout-flex\">\n<div class=\"wp-block-button-wrapper\"><div class=\"wp-block-button magPDF  has-option-icon has-icon-selected is-pdf-2-icon\"><a class=\"wp-block-button__link wp-element-button\" style=\"padding-top:0;padding-right:0;padding-bottom:0;padding-left:0\">PDF<\/a><\/div><div class=\"svgWrapper icon-pdf-2\" data-iconcolor=\"#ffffff\"><svg width=\"78\" height=\"100\" viewBox=\"0 0 78 100\" fill=\"none\" xmlns=\"http:\/\/www.w3.org\/2000\/svg\">\n<path d=\"M76.9585 25.0781C77.6233 25.7478 78 26.6518 78 27.6004V96.4286C78 98.404 76.4156 100 74.4545 100H3.54545C1.58437 100 0 98.404 0 96.4286V3.57143C0 1.59598 1.58437 0 3.54545 0H50.6003C51.542 0 52.4506 0.379464 53.1153 1.04911L76.9585 25.0781ZM69.8233 29.2411L48.9716 8.23661V29.2411H69.8233ZM52.4306 63.9799C50.7487 63.9241 48.9605 64.0547 46.9296 64.3103C44.2373 62.6373 42.4247 60.3393 41.1372 56.9632L41.2558 56.4743L41.3932 55.8962C41.8696 53.8728 42.1255 52.3962 42.202 50.9074C42.2596 49.7835 42.1976 48.7467 41.9992 47.7857C41.6336 45.7109 40.1766 44.4978 38.3408 44.423C36.629 44.3527 35.0557 45.3158 34.6535 46.808C33.9987 49.221 34.382 52.3962 35.7703 57.8114C34.002 62.058 31.6653 67.0368 30.0976 69.8136C28.0047 70.9007 26.3749 71.8895 25.0054 72.9855C23.1995 74.433 22.0716 75.9208 21.7613 77.4833C21.6107 78.2076 21.8378 79.154 22.3552 79.9297C22.9424 80.8091 23.8266 81.3806 24.8869 81.4632C27.5626 81.6719 30.851 78.8929 34.4818 72.6172C34.8463 72.4944 35.2318 72.365 35.7027 72.2042L37.0212 71.7556C37.8555 71.4721 38.4604 71.269 39.0587 71.0737C41.6513 70.2232 43.6124 69.6864 45.3962 69.3806C48.4963 71.0525 52.0794 72.1484 54.4925 72.1484C56.4846 72.1484 57.8308 71.1083 58.3172 69.471C58.7437 68.0335 58.4058 66.3661 57.4884 65.4442C56.54 64.5056 54.7961 64.0569 52.4306 63.9799ZM24.9545 78.3125V78.2723L24.9689 78.2344C25.131 77.8122 25.3391 77.4094 25.5893 77.0335C26.0635 76.2991 26.7161 75.5268 27.5249 74.7042C27.9592 74.2634 28.4113 73.8337 28.942 73.3516C29.0605 73.2444 29.8184 72.5647 29.9602 72.4308L31.1978 71.2701L30.2981 72.7132C28.9331 74.9051 27.6989 76.4833 26.6419 77.5123C26.253 77.8917 25.9106 78.1708 25.6336 78.3504C25.5422 78.412 25.4454 78.465 25.3445 78.5089C25.299 78.5279 25.2591 78.5391 25.2193 78.5424C25.1772 78.5478 25.1344 78.542 25.0952 78.5257C25.0535 78.5081 25.0179 78.4784 24.9928 78.4405C24.9678 78.4026 24.9544 78.358 24.9545 78.3125ZM38.908 53.9509L38.6576 54.3973L38.5025 53.9085C38.1591 52.8114 37.9064 51.1585 37.8366 49.6674C37.7569 47.971 37.8909 46.9531 38.4228 46.9531C39.1695 46.9531 39.5119 48.1585 39.5385 49.9721C39.5628 51.5658 39.3136 53.2243 38.9069 53.9509H38.908ZM38.2643 60.4754L38.4338 60.0234L38.6654 60.4475C39.9606 62.8181 41.6414 64.7958 43.4894 66.1741L43.8883 66.471L43.4019 66.5714C41.5926 66.9487 39.9074 67.5156 37.6029 68.452C37.8433 68.3538 35.2075 69.4408 34.5405 69.6987L33.9588 69.923L34.269 69.3783C35.6374 66.9788 36.9015 64.0971 38.2632 60.4754H38.2643ZM55.7279 68.9866C54.857 69.3326 52.9824 69.0234 49.6818 67.6038L48.8442 67.2444L49.7527 67.1775C52.3342 66.9844 54.1624 67.1272 55.2282 67.5201C55.6825 67.6875 55.9849 67.8984 56.119 68.1395C56.1896 68.2536 56.2133 68.3909 56.1852 68.5224C56.157 68.6538 56.0793 68.769 55.9683 68.8438C55.8979 68.9063 55.8163 68.9547 55.7279 68.9866Z\" fill=\"#201D1E\"><\/path>\n<\/svg><\/div><\/div>\n\n\n\n<div class=\"wp-block-button-wrapper\"><div class=\"wp-block-button mag3D  has-option-icon has-icon-selected is-d3-icon\"><a class=\"wp-block-button__link wp-element-button\" style=\"padding-top:0;padding-right:0;padding-bottom:0;padding-left:0\">3D<\/a><\/div><div class=\"svgWrapper icon-d3\" data-iconcolor=\"#ffffff\"><svg width=\"100\" height=\"100\" viewBox=\"0 0 100 100\" fill=\"none\" xmlns=\"http:\/\/www.w3.org\/2000\/svg\">\n<path d=\"M4.15 0C1.85625 0 0 1.85625 0 4.15V50C0 77.6219 22.3781 100 50 100C77.6219 100 100 77.6219 100 50C100 22.3781 77.6219 0 50 0H4.15ZM50.6844 14.925C69.8563 15.1031 85.2563 30.7937 85.0906 49.9687C84.8938 69.1406 69.2062 84.5219 50.0469 84.3437C30.8875 84.1656 15.475 68.475 15.6563 49.3187C15.8344 30.1469 31.525 14.7469 50.6813 14.9281L50.6844 14.925ZM50.5687 24.3813C43.8271 24.3246 37.3386 26.9467 32.5291 31.6713C27.7195 36.3958 24.9823 42.8365 24.9187 49.5781C24.7875 63.625 36.0687 75.1156 50.1312 75.2625C56.8704 75.3134 63.3552 72.6919 68.1656 67.9719C70.5506 65.6364 72.4499 62.8522 73.7543 59.7796C75.0586 56.707 75.7422 53.4067 75.7656 50.0687C75.8969 36.0219 64.6313 24.5312 50.6031 24.3844L50.5687 24.3813ZM50.4719 36.9312C53.8901 36.9733 57.1527 38.3665 59.547 40.8064C61.9413 43.2464 63.2726 46.5347 63.25 49.9531C63.2349 51.6443 62.8864 53.3158 62.2244 54.872C61.5624 56.4283 60.5999 57.8386 59.392 59.0224C58.1842 60.2061 56.7547 61.14 55.1854 61.7705C53.6162 62.4011 51.938 62.7158 50.2469 62.6969C33.075 62.5344 33.3031 36.7844 50.475 36.9312H50.4719Z\" fill=\"#201E1E\"><\/path>\n<\/svg><\/div><\/div>\n<\/div>\n<\/div>\n\n<\/li><\/ul><\/div>\n<\/div>\n","protected":false},"excerpt":{"rendered":"<p>Afin de coordonner les effets de ch\u0153ur des partenaires sociaux et de vous orienter en mati\u00e8re [&hellip;]<\/p>\n","protected":false},"author":4,"featured_media":0,"parent":0,"menu_order":0,"comment_status":"closed","ping_status":"closed","template":"","meta":{"fd_form_receip":"","footnotes":""},"tags":[],"class_list":["post-5228","page","type-page","status-publish","hentry"],"yoast_head":"<!-- This site is optimized with the Yoast SEO plugin v27.5 - https:\/\/yoast.com\/product\/yoast-seo-wordpress\/ -->\n<title>Social Map - Fleurus<\/title>\n<meta name=\"robots\" content=\"index, follow, max-snippet:-1, max-image-preview:large, max-video-preview:-1\" \/>\n<link rel=\"canonical\" href=\"https:\/\/fleurus.be\/nl\/social-map\/\" \/>\n<meta property=\"og:locale\" content=\"nl_NL\" \/>\n<meta property=\"og:type\" content=\"article\" \/>\n<meta property=\"og:title\" content=\"Social Map - Fleurus\" \/>\n<meta property=\"og:description\" content=\"Afin de coordonner les effets de ch\u0153ur des partenaires sociaux et de vous orienter en mati\u00e8re [&hellip;]\" \/>\n<meta property=\"og:url\" content=\"https:\/\/fleurus.be\/nl\/social-map\/\" \/>\n<meta property=\"og:site_name\" content=\"Fleurus\" \/>\n<meta property=\"article:modified_time\" content=\"2024-01-17T08:34:33+00:00\" \/>\n<meta name=\"twitter:card\" content=\"summary_large_image\" \/>\n<meta name=\"twitter:label1\" content=\"Geschatte leestijd\" \/>\n\t<meta name=\"twitter:data1\" content=\"1 minuut\" \/>\n<script type=\"application\/ld+json\" class=\"yoast-schema-graph\">{\"@context\":\"https:\\\/\\\/schema.org\",\"@graph\":[{\"@type\":\"WebPage\",\"@id\":\"https:\\\/\\\/fleurus.be\\\/nl\\\/social-map\\\/\",\"url\":\"https:\\\/\\\/fleurus.be\\\/nl\\\/social-map\\\/\",\"name\":\"Social Map - Fleurus\",\"isPartOf\":{\"@id\":\"https:\\\/\\\/fleurus.be\\\/nl\\\/#website\"},\"datePublished\":\"2023-10-17T13:58:45+00:00\",\"dateModified\":\"2024-01-17T08:34:33+00:00\",\"breadcrumb\":{\"@id\":\"https:\\\/\\\/fleurus.be\\\/nl\\\/social-map\\\/#breadcrumb\"},\"inLanguage\":\"nl-NL\",\"potentialAction\":[{\"@type\":\"ReadAction\",\"target\":[\"https:\\\/\\\/fleurus.be\\\/nl\\\/social-map\\\/\"]}]},{\"@type\":\"BreadcrumbList\",\"@id\":\"https:\\\/\\\/fleurus.be\\\/nl\\\/social-map\\\/#breadcrumb\",\"itemListElement\":[{\"@type\":\"ListItem\",\"position\":1,\"name\":\"Accueil\",\"item\":\"https:\\\/\\\/fleurus.be\\\/nl\\\/\"},{\"@type\":\"ListItem\",\"position\":2,\"name\":\"Social Map\"}]},{\"@type\":\"WebSite\",\"@id\":\"https:\\\/\\\/fleurus.be\\\/nl\\\/#website\",\"url\":\"https:\\\/\\\/fleurus.be\\\/nl\\\/\",\"name\":\"Fleurus\",\"description\":\"Grandir esemble\",\"publisher\":{\"@id\":\"https:\\\/\\\/fleurus.be\\\/nl\\\/#organization\"},\"potentialAction\":[{\"@type\":\"SearchAction\",\"target\":{\"@type\":\"EntryPoint\",\"urlTemplate\":\"https:\\\/\\\/fleurus.be\\\/nl\\\/?s={search_term_string}\"},\"query-input\":{\"@type\":\"PropertyValueSpecification\",\"valueRequired\":true,\"valueName\":\"search_term_string\"}}],\"inLanguage\":\"nl-NL\"},{\"@type\":\"Organization\",\"@id\":\"https:\\\/\\\/fleurus.be\\\/nl\\\/#organization\",\"name\":\"Ville de Fleurus\",\"url\":\"https:\\\/\\\/fleurus.be\\\/nl\\\/\",\"logo\":{\"@type\":\"ImageObject\",\"inLanguage\":\"nl-NL\",\"@id\":\"https:\\\/\\\/fleurus.be\\\/nl\\\/#\\\/schema\\\/logo\\\/image\\\/\",\"url\":\"https:\\\/\\\/fleurus.be\\\/wp-content\\\/uploads\\\/2023\\\/06\\\/fleurus-black.png\",\"contentUrl\":\"https:\\\/\\\/fleurus.be\\\/wp-content\\\/uploads\\\/2023\\\/06\\\/fleurus-black.png\",\"width\":890,\"height\":554,\"caption\":\"Ville de Fleurus\"},\"image\":{\"@id\":\"https:\\\/\\\/fleurus.be\\\/nl\\\/#\\\/schema\\\/logo\\\/image\\\/\"}}]}<\/script>\n<!-- \/ Yoast SEO plugin. -->","yoast_head_json":{"title":"Social Map - Fleurus","robots":{"index":"index","follow":"follow","max-snippet":"max-snippet:-1","max-image-preview":"max-image-preview:large","max-video-preview":"max-video-preview:-1"},"canonical":"https:\/\/fleurus.be\/nl\/social-map\/","og_locale":"nl_NL","og_type":"article","og_title":"Social Map - Fleurus","og_description":"Afin de coordonner les effets de ch\u0153ur des partenaires sociaux et de vous orienter en mati\u00e8re [&hellip;]","og_url":"https:\/\/fleurus.be\/nl\/social-map\/","og_site_name":"Fleurus","article_modified_time":"2024-01-17T08:34:33+00:00","twitter_card":"summary_large_image","twitter_misc":{"Geschatte leestijd":"1 minuut"},"schema":{"@context":"https:\/\/schema.org","@graph":[{"@type":"WebPage","@id":"https:\/\/fleurus.be\/nl\/social-map\/","url":"https:\/\/fleurus.be\/nl\/social-map\/","name":"Social Map - Fleurus","isPartOf":{"@id":"https:\/\/fleurus.be\/nl\/#website"},"datePublished":"2023-10-17T13:58:45+00:00","dateModified":"2024-01-17T08:34:33+00:00","breadcrumb":{"@id":"https:\/\/fleurus.be\/nl\/social-map\/#breadcrumb"},"inLanguage":"nl-NL","potentialAction":[{"@type":"ReadAction","target":["https:\/\/fleurus.be\/nl\/social-map\/"]}]},{"@type":"BreadcrumbList","@id":"https:\/\/fleurus.be\/nl\/social-map\/#breadcrumb","itemListElement":[{"@type":"ListItem","position":1,"name":"Accueil","item":"https:\/\/fleurus.be\/nl\/"},{"@type":"ListItem","position":2,"name":"Social Map"}]},{"@type":"WebSite","@id":"https:\/\/fleurus.be\/nl\/#website","url":"https:\/\/fleurus.be\/nl\/","name":"Fleurus","description":"Grandir esemble","publisher":{"@id":"https:\/\/fleurus.be\/nl\/#organization"},"potentialAction":[{"@type":"SearchAction","target":{"@type":"EntryPoint","urlTemplate":"https:\/\/fleurus.be\/nl\/?s={search_term_string}"},"query-input":{"@type":"PropertyValueSpecification","valueRequired":true,"valueName":"search_term_string"}}],"inLanguage":"nl-NL"},{"@type":"Organization","@id":"https:\/\/fleurus.be\/nl\/#organization","name":"Ville de Fleurus","url":"https:\/\/fleurus.be\/nl\/","logo":{"@type":"ImageObject","inLanguage":"nl-NL","@id":"https:\/\/fleurus.be\/nl\/#\/schema\/logo\/image\/","url":"https:\/\/fleurus.be\/wp-content\/uploads\/2023\/06\/fleurus-black.png","contentUrl":"https:\/\/fleurus.be\/wp-content\/uploads\/2023\/06\/fleurus-black.png","width":890,"height":554,"caption":"Ville de Fleurus"},"image":{"@id":"https:\/\/fleurus.be\/nl\/#\/schema\/logo\/image\/"}}]}},"_links":{"self":[{"href":"https:\/\/fleurus.be\/nl\/wp-json\/wp\/v2\/pages\/5228","targetHints":{"allow":["GET"]}}],"collection":[{"href":"https:\/\/fleurus.be\/nl\/wp-json\/wp\/v2\/pages"}],"about":[{"href":"https:\/\/fleurus.be\/nl\/wp-json\/wp\/v2\/types\/page"}],"author":[{"embeddable":true,"href":"https:\/\/fleurus.be\/nl\/wp-json\/wp\/v2\/users\/4"}],"replies":[{"embeddable":true,"href":"https:\/\/fleurus.be\/nl\/wp-json\/wp\/v2\/comments?post=5228"}],"version-history":[{"count":3,"href":"https:\/\/fleurus.be\/nl\/wp-json\/wp\/v2\/pages\/5228\/revisions"}],"predecessor-version":[{"id":9274,"href":"https:\/\/fleurus.be\/nl\/wp-json\/wp\/v2\/pages\/5228\/revisions\/9274"}],"wp:attachment":[{"href":"https:\/\/fleurus.be\/nl\/wp-json\/wp\/v2\/media?parent=5228"}],"wp:term":[{"taxonomy":"post_tag","embeddable":true,"href":"https:\/\/fleurus.be\/nl\/wp-json\/wp\/v2\/tags?post=5228"}],"curies":[{"name":"wp","href":"https:\/\/api.w.org\/{rel}","templated":true}]}}